{"id":16713,"date":"2024-04-23T01:50:14","date_gmt":"2024-04-23T01:50:14","guid":{"rendered":"https:\/\/calidas.kvit.vn\/?page_id=16713"},"modified":"2024-06-19T15:05:14","modified_gmt":"2024-06-19T08:05:14","slug":"sitemap","status":"publish","type":"page","link":"https:\/\/calidas.com\/vi\/sitemap\/","title":{"rendered":"S\u01a1 \u0111\u1ed3 trang web"},"content":{"rendered":"<div data-elementor-type=\"wp-page\" data-elementor-id=\"16713\" class=\"elementor elementor-16713\" data-elementor-post-type=\"page\">\n\t\t\t\t<div class=\"elementor-element elementor-element-98e8604 e-flex e-con-boxed wpr-particle-no wpr-jarallax-no wpr-parallax-no wpr-sticky-section-no e-con e-parent\" data-id=\"98e8604\" data-element_type=\"container\" data-settings=\"{&quot;background_background&quot;:&quot;classic&quot;}\" data-core-v316-plus=\"true\">\n\t\t\t\t\t<div class=\"e-con-inner\">\n\t\t\t\t\t<\/div>\n\t\t\t\t<\/div>\n\t\t<div class=\"elementor-element elementor-element-3ec202f e-flex e-con-boxed wpr-particle-no wpr-jarallax-no wpr-parallax-no wpr-sticky-section-no e-con e-parent\" data-id=\"3ec202f\" data-element_type=\"container\" data-core-v316-plus=\"true\">\n\t\t\t\t\t<div class=\"e-con-inner\">\n\t\t\t\t<div class=\"elementor-element elementor-element-b9d8c94 elementor-view-default elementor-widget elementor-widget-icon\" data-id=\"b9d8c94\" data-element_type=\"widget\" data-widget_type=\"icon.default\">\n\t\t\t\t<div class=\"elementor-widget-container\">\n\t\t\t\t\t<div class=\"elementor-icon-wrapper\">\n\t\t\t<div class=\"elementor-icon\">\n\t\t\t<svg aria-hidden=\"true\" class=\"e-font-icon-svg e-fas-home\" viewbox=\"0 0 576 512\" xmlns=\"http:\/\/www.w3.org\/2000\/svg\"><path d=\"M280.37 148.26L96 300.11V464a16 16 0 0 0 16 16l112.06-.29a16 16 0 0 0 15.92-16V368a16 16 0 0 1 16-16h64a16 16 0 0 1 16 16v95.64a16 16 0 0 0 16 16.05L464 480a16 16 0 0 0 16-16V300L295.67 148.26a12.19 12.19 0 0 0-15.3 0zM571.6 251.47L488 182.56V44.05a12 12 0 0 0-12-12h-56a12 12 0 0 0-12 12v72.61L318.47 43a48 48 0 0 0-61 0L4.34 251.47a12 12 0 0 0-1.6 16.9l25.5 31A12 12 0 0 0 45.15 301l235.22-193.74a12.19 12.19 0 0 1 15.3 0L530.9 301a12 12 0 0 0 16.9-1.6l25.5-31a12 12 0 0 0-1.7-16.93z\"><\/path><\/svg>\t\t\t<\/div>\n\t\t<\/div>\n\t\t\t\t<\/div>\n\t\t\t\t<\/div>\n\t\t\t\t<div class=\"elementor-element elementor-element-08bad51 elementor-widget elementor-widget-breadcrumbs\" data-id=\"08bad51\" data-element_type=\"widget\" data-widget_type=\"breadcrumbs.default\">\n\t\t\t\t<div class=\"elementor-widget-container\">\n\t\t\t<link rel=\"stylesheet\" href=\"https:\/\/calidas.com\/wp-content\/plugins\/elementor-pro\/assets\/css\/widget-theme-elements.min.css\"><p id=\"breadcrumbs\"><span><span><a href=\"https:\/\/calidas.com\/vi\/\">Trang ch\u1ee7<\/a><\/span><\/span><\/p>\t\t<\/div>\n\t\t\t\t<\/div>\n\t\t\t\t\t<\/div>\n\t\t\t\t<\/div>\n\t\t<div class=\"elementor-element elementor-element-9373741 e-flex e-con-boxed wpr-particle-no wpr-jarallax-no wpr-parallax-no wpr-sticky-section-no e-con e-parent\" data-id=\"9373741\" data-element_type=\"container\" data-core-v316-plus=\"true\">\n\t\t\t\t\t<div class=\"e-con-inner\">\n\t\t<div class=\"elementor-element elementor-element-805d22c e-con-full e-flex wpr-particle-no wpr-jarallax-no wpr-parallax-no wpr-sticky-section-no e-con e-child\" data-id=\"805d22c\" data-element_type=\"container\">\n\t\t\t\t<div class=\"elementor-element elementor-element-a8b922b elementor-widget elementor-widget-heading\" data-id=\"a8b922b\" data-element_type=\"widget\" data-widget_type=\"heading.default\">\n\t\t\t\t<div class=\"elementor-widget-container\">\n\t\t\t<style>\/*! elementor - v3.20.0 - 26-03-2024 *\/\n.elementor-heading-title{padding:0;margin:0;line-height:1}.elementor-widget-heading .elementor-heading-title[class*=elementor-size-]>a{color:inherit;font-size:inherit;line-height:inherit}.elementor-widget-heading .elementor-heading-title.elementor-size-small{font-size:15px}.elementor-widget-heading .elementor-heading-title.elementor-size-medium{font-size:19px}.elementor-widget-heading .elementor-heading-title.elementor-size-large{font-size:29px}.elementor-widget-heading .elementor-heading-title.elementor-size-xl{font-size:39px}.elementor-widget-heading .elementor-heading-title.elementor-size-xxl{font-size:59px}<\/style><h2 class=\"elementor-heading-title elementor-size-default\"><a href=\"https:\/\/calidas.com\/vi\/overview\/\">Gi\u1edbi thi\u1ec7u<\/a><\/h2>\t\t<\/div>\n\t\t\t\t<\/div>\n\t\t\t\t<\/div>\n\t\t<div class=\"elementor-element elementor-element-d2c6bb5 e-con-full e-flex wpr-particle-no wpr-jarallax-no wpr-parallax-no wpr-sticky-section-no e-con e-child\" data-id=\"d2c6bb5\" data-element_type=\"container\">\n\t\t\t\t<div class=\"elementor-element elementor-element-ff1b19b elementor-widget elementor-widget-heading\" data-id=\"ff1b19b\" data-element_type=\"widget\" data-widget_type=\"heading.default\">\n\t\t\t\t<div class=\"elementor-widget-container\">\n\t\t\t<h2 class=\"elementor-heading-title elementor-size-default\"><a href=\"https:\/\/calidas.com\/vi\/overview\/\">Ph\u00f2ng ngh\u1ec9<\/a><\/h2>\t\t<\/div>\n\t\t\t\t<\/div>\n\t\t\t\t<div class=\"elementor-element elementor-element-a1a7631 sitemap-child wpr-page-list-vertical wpr-pl-badge-center wpr-pl-icon-center elementor-widget elementor-widget-wpr-page-list\" data-id=\"a1a7631\" data-element_type=\"widget\" data-widget_type=\"wpr-page-list.default\">\n\t\t\t\t<div class=\"elementor-widget-container\">\n\t\t\t<div class=\"wpr-page-list-wrap\"><ul class=\"wpr-page-list\"><li class=\"wpr-page-list-item elementor-repeater-item-55d742e wpr-pointer-none wpr-pointer-line-fx wpr-pointer-fx-fade\"><div><a  href=\"https:\/\/calidas.com\/vi\/accommodation\/studio-king\/\" target=\"_blank\" rel=\"nofollow\" class=\"wpr-no-pointer\">Ph\u00f2ng ti\u00eau chu\u1ea9n 1 gi\u01b0\u1eddng \u0111\u00f4i<\/a><\/div><\/li><li class=\"wpr-page-list-item elementor-repeater-item-21cb133 wpr-pointer-none wpr-pointer-line-fx wpr-pointer-fx-fade\"><div><a  href=\"https:\/\/calidas.com\/vi\/accommodation\/studio-twin\/\" target=\"_blank\" rel=\"nofollow\" class=\"wpr-no-pointer\">Ph\u00f2ng ti\u00eau chu\u1ea9n 2 gi\u01b0\u1eddng \u0111\u01a1n<\/a><\/div><\/li><li class=\"wpr-page-list-item elementor-repeater-item-1d44ad4 wpr-pointer-none wpr-pointer-line-fx wpr-pointer-fx-fade\"><div><a  href=\"https:\/\/calidas.com\/vi\/accommodation\/3-bedroom-suites\/\" target=\"_blank\" rel=\"nofollow\" class=\"wpr-no-pointer\">2 ph\u00f2ng ng\u1ee7<\/a><\/div><\/li><li class=\"wpr-page-list-item elementor-repeater-item-724ad44 wpr-pointer-none wpr-pointer-line-fx wpr-pointer-fx-fade\"><div><a  href=\"https:\/\/calidas.com\/vi\/accommodation\/3-bedroom-suites\/\" target=\"_blank\" rel=\"nofollow\" class=\"wpr-no-pointer\">3 ph\u00f2ng ng\u1ee7<\/a><\/div><\/li><li class=\"wpr-page-list-item elementor-repeater-item-f6fa2b7 wpr-pointer-none wpr-pointer-line-fx wpr-pointer-fx-fade\"><div><a  href=\"https:\/\/calidas.com\/vi\/accommodation\/connecting-room\/\" target=\"_blank\" rel=\"nofollow\" class=\"wpr-no-pointer\">PH\u00d2NG LI\u00caN K\u1ebeT<\/a><\/div><\/li><\/ul><\/div>\t\t<\/div>\n\t\t\t\t<\/div>\n\t\t\t\t<\/div>\n\t\t<div class=\"elementor-element elementor-element-481f14d e-con-full e-flex wpr-particle-no wpr-jarallax-no wpr-parallax-no wpr-sticky-section-no e-con e-child\" data-id=\"481f14d\" data-element_type=\"container\">\n\t\t\t\t<div class=\"elementor-element elementor-element-4f4cccc elementor-widget elementor-widget-heading\" data-id=\"4f4cccc\" data-element_type=\"widget\" data-widget_type=\"heading.default\">\n\t\t\t\t<div class=\"elementor-widget-container\">\n\t\t\t<h2 class=\"elementor-heading-title elementor-size-default\"><a href=\"https:\/\/calidas.com\/vi\/overview\/\">Ti\u1ec7n nghi<\/a><\/h2>\t\t<\/div>\n\t\t\t\t<\/div>\n\t\t\t\t<div class=\"elementor-element elementor-element-e09105c sitemap-child wpr-page-list-vertical wpr-pl-badge-center wpr-pl-icon-center elementor-widget elementor-widget-wpr-page-list\" data-id=\"e09105c\" data-element_type=\"widget\" data-widget_type=\"wpr-page-list.default\">\n\t\t\t\t<div class=\"elementor-widget-container\">\n\t\t\t<div class=\"wpr-page-list-wrap\"><ul class=\"wpr-page-list\"><li class=\"wpr-page-list-item elementor-repeater-item-55d742e wpr-pointer-none wpr-pointer-line-fx wpr-pointer-fx-fade\"><div><a  href=\"https:\/\/calidas.com\/vi\/inhouse-service\/the-pearl\/\" target=\"_blank\" rel=\"nofollow\" class=\"wpr-no-pointer\">nh\u00e0 h\u00e0ng ng\u1ecdc trai<\/a><\/div><\/li><li class=\"wpr-page-list-item elementor-repeater-item-21cb133 wpr-pointer-none wpr-pointer-line-fx wpr-pointer-fx-fade\"><div><a  href=\"https:\/\/calidas.com\/vi\/inhouse-service\/smoking-room-2\/\" target=\"_blank\" rel=\"nofollow\" class=\"wpr-no-pointer\">ph\u00f2ng h\u00fat thu\u1ed1c<\/a><\/div><\/li><li class=\"wpr-page-list-item elementor-repeater-item-1d44ad4 wpr-pointer-none wpr-pointer-line-fx wpr-pointer-fx-fade\"><div><a  href=\"https:\/\/calidas.com\/vi\/inhouse-service\/kids-room-2\/\" target=\"_blank\" rel=\"nofollow\" class=\"wpr-no-pointer\">ph\u00f2ng tr\u1ebb em<\/a><\/div><\/li><li class=\"wpr-page-list-item elementor-repeater-item-724ad44 wpr-pointer-none wpr-pointer-line-fx wpr-pointer-fx-fade\"><div><a  href=\"https:\/\/calidas.com\/vi\/inhouse-service\/business-center-2\/\" target=\"_blank\" rel=\"nofollow\" class=\"wpr-no-pointer\">trung t\u00e2m th\u01b0\u01a1ng m\u1ea1i<\/a><\/div><\/li><li class=\"wpr-page-list-item elementor-repeater-item-f6fa2b7 wpr-pointer-none wpr-pointer-line-fx wpr-pointer-fx-fade\"><div><a  href=\"https:\/\/calidas.com\/vi\/inhouse-service\/cafe-lounge-2\/\" target=\"_blank\" rel=\"nofollow\" class=\"wpr-no-pointer\">ph\u00f2ng c\u00e0 ph\u00ea<\/a><\/div><\/li><\/ul><\/div>\t\t<\/div>\n\t\t\t\t<\/div>\n\t\t\t\t<\/div>\n\t\t<div class=\"elementor-element elementor-element-f3fb30b e-con-full e-flex wpr-particle-no wpr-jarallax-no wpr-parallax-no wpr-sticky-section-no e-con e-child\" data-id=\"f3fb30b\" data-element_type=\"container\">\n\t\t\t\t<div class=\"elementor-element elementor-element-57364a2 elementor-widget elementor-widget-heading\" data-id=\"57364a2\" data-element_type=\"widget\" data-widget_type=\"heading.default\">\n\t\t\t\t<div class=\"elementor-widget-container\">\n\t\t\t<h2 class=\"elementor-heading-title elementor-size-default\"><a href=\"https:\/\/calidas.com\/vi\/overview\/\">Ti\u1ec7n \u00edch<\/a><\/h2>\t\t<\/div>\n\t\t\t\t<\/div>\n\t\t\t\t<div class=\"elementor-element elementor-element-1405056 sitemap-child wpr-page-list-vertical wpr-pl-badge-center wpr-pl-icon-center elementor-widget elementor-widget-wpr-page-list\" data-id=\"1405056\" data-element_type=\"widget\" data-widget_type=\"wpr-page-list.default\">\n\t\t\t\t<div class=\"elementor-widget-container\">\n\t\t\t<div class=\"wpr-page-list-wrap\"><ul class=\"wpr-page-list\"><li class=\"wpr-page-list-item elementor-repeater-item-55d742e wpr-pointer-none wpr-pointer-line-fx wpr-pointer-fx-fade\"><div><a  href=\"https:\/\/calidas.com\/vi\/facilities\/fitness\/\" target=\"_blank\" rel=\"nofollow\" class=\"wpr-no-pointer\">Trung t\u00e2m th\u1ec3 thao<\/a><\/div><\/li><li class=\"wpr-page-list-item elementor-repeater-item-21cb133 wpr-pointer-none wpr-pointer-line-fx wpr-pointer-fx-fade\"><div><a  href=\"https:\/\/calidas.com\/vi\/facilities\/swimming-pool\/\" target=\"_blank\" rel=\"nofollow\" class=\"wpr-no-pointer\">B\u1ec3 b\u01a1i<\/a><\/div><\/li><li class=\"wpr-page-list-item elementor-repeater-item-1d44ad4 wpr-pointer-none wpr-pointer-line-fx wpr-pointer-fx-fade\"><div><a  href=\"https:\/\/calidas.com\/vi\/facilities\/outdoor-garden\/\" target=\"_blank\" rel=\"nofollow\" class=\"wpr-no-pointer\">V\u01b0\u1eddn ngo\u00e0i tr\u1eddi<\/a><\/div><\/li><li class=\"wpr-page-list-item elementor-repeater-item-724ad44 wpr-pointer-none wpr-pointer-line-fx wpr-pointer-fx-fade\"><div><a  href=\"https:\/\/calidas.com\/vi\/facilities\/landmark72-plaza\/\" target=\"_blank\" rel=\"nofollow\" class=\"wpr-no-pointer\">Landmark72<\/a><\/div><\/li><\/ul><\/div>\t\t<\/div>\n\t\t\t\t<\/div>\n\t\t\t\t<\/div>\n\t\t\t\t\t<\/div>\n\t\t\t\t<\/div>\n\t\t<div class=\"elementor-element elementor-element-9bd8156 e-flex e-con-boxed wpr-particle-no wpr-jarallax-no wpr-parallax-no wpr-sticky-section-no e-con e-parent\" data-id=\"9bd8156\" data-element_type=\"container\" data-core-v316-plus=\"true\">\n\t\t\t\t\t<div class=\"e-con-inner\">\n\t\t<div class=\"elementor-element elementor-element-0ee9083 e-con-full e-flex wpr-particle-no wpr-jarallax-no wpr-parallax-no wpr-sticky-section-no e-con e-child\" data-id=\"0ee9083\" data-element_type=\"container\">\n\t\t\t\t<div class=\"elementor-element elementor-element-d5a5168 elementor-widget elementor-widget-heading\" data-id=\"d5a5168\" data-element_type=\"widget\" data-widget_type=\"heading.default\">\n\t\t\t\t<div class=\"elementor-widget-container\">\n\t\t\t<h2 class=\"elementor-heading-title elementor-size-default\"><a href=\"https:\/\/calidas.com\/vi\/promotion\/\">\u01afu \u0111\u00e3i<\/a><\/h2>\t\t<\/div>\n\t\t\t\t<\/div>\n\t\t\t\t<\/div>\n\t\t<div class=\"elementor-element elementor-element-678a777 e-con-full e-flex wpr-particle-no wpr-jarallax-no wpr-parallax-no wpr-sticky-section-no e-con e-child\" data-id=\"678a777\" data-element_type=\"container\">\n\t\t\t\t<div class=\"elementor-element elementor-element-ecd30eb elementor-widget elementor-widget-heading\" data-id=\"ecd30eb\" data-element_type=\"widget\" data-widget_type=\"heading.default\">\n\t\t\t\t<div class=\"elementor-widget-container\">\n\t\t\t<h2 class=\"elementor-heading-title elementor-size-default\"><a href=\"https:\/\/calidas.com\/vi\/contact\/\">Li\u00ean h\u1ec7<\/a><\/h2>\t\t<\/div>\n\t\t\t\t<\/div>\n\t\t\t\t<\/div>\n\t\t<div class=\"elementor-element elementor-element-44840b2 e-con-full e-flex wpr-particle-no wpr-jarallax-no wpr-parallax-no wpr-sticky-section-no e-con e-child\" data-id=\"44840b2\" data-element_type=\"container\">\n\t\t\t\t<div class=\"elementor-element elementor-element-7bc08c0 elementor-widget elementor-widget-heading\" data-id=\"7bc08c0\" data-element_type=\"widget\" data-widget_type=\"heading.default\">\n\t\t\t\t<div class=\"elementor-widget-container\">\n\t\t\t<h2 class=\"elementor-heading-title elementor-size-default\"><a href=\"https:\/\/calidas.com\/vi\/book-now\/\">\u0110\u1eb7t ph\u00f2ng<\/a><\/h2>\t\t<\/div>\n\t\t\t\t<\/div>\n\t\t\t\t<\/div>\n\t\t<div class=\"elementor-element elementor-element-78cbeb4 e-con-full e-flex wpr-particle-no wpr-jarallax-no wpr-parallax-no wpr-sticky-section-no e-con e-child\" data-id=\"78cbeb4\" data-element_type=\"container\">\n\t\t\t\t<div class=\"elementor-element elementor-element-90d60a9 elementor-widget elementor-widget-heading\" data-id=\"90d60a9\" data-element_type=\"widget\" data-widget_type=\"heading.default\">\n\t\t\t\t<div class=\"elementor-widget-container\">\n\t\t\t<h2 class=\"elementor-heading-title elementor-size-default\"><a href=\"https:\/\/calidas.com\/vi\/term-of-use\/\">\u0110i\u1ec1u kho\u1ea3n s\u1eed d\u1ee5ng<\/a><\/h2>\t\t<\/div>\n\t\t\t\t<\/div>\n\t\t\t\t<\/div>\n\t\t<div class=\"elementor-element elementor-element-bcedb53 e-con-full e-flex wpr-particle-no wpr-jarallax-no wpr-parallax-no wpr-sticky-section-no e-con e-child\" data-id=\"bcedb53\" data-element_type=\"container\">\n\t\t\t\t<div class=\"elementor-element elementor-element-5ef5895 elementor-widget elementor-widget-heading\" data-id=\"5ef5895\" data-element_type=\"widget\" data-widget_type=\"heading.default\">\n\t\t\t\t<div class=\"elementor-widget-container\">\n\t\t\t<h2 class=\"elementor-heading-title elementor-size-default\"><a href=\"https:\/\/calidas.com\/vi\/privacy-policy\/\">Ch\u00ednh s\u00e1ch b\u1ea3o m\u1eadt<\/a><\/h2>\t\t<\/div>\n\t\t\t\t<\/div>\n\t\t\t\t<\/div>\n\t\t\t\t\t<\/div>\n\t\t\t\t<\/div>\n\t\t\t\t<\/div>","protected":false},"excerpt":{"rendered":"<p>Overview Accommodation Studio King Studio Twin 2 Bedroom 3 Bedroom Connecting Room In-house Service the pearl restaurant smoking room kids room business center cafe lounge Facilities Fitness Swimming Pool Outdoor Garden Landmark72 Plaza Promotion Contact Book Now Terms Of Use Privacy Policy<\/p>","protected":false},"author":19,"featured_media":0,"parent":0,"menu_order":4,"comment_status":"closed","ping_status":"closed","template":"template-blank.php","meta":{"_acf_changed":false,"footnotes":""},"class_list":["post-16713","page","type-page","status-publish","has-post-thumbnail","hentry"],"acf":[],"yoast_head":"<!-- This site is optimized with the Yoast SEO plugin v22.4 - https:\/\/yoast.com\/wordpress\/plugins\/seo\/ -->\n<title>Sitemap - Calidas<\/title>\n<meta name=\"robots\" content=\"index, follow, max-snippet:-1, max-image-preview:large, max-video-preview:-1\" \/>\n<link rel=\"canonical\" href=\"https:\/\/calidas.com\/vi\/sitemap\/\" \/>\n<meta property=\"og:locale\" content=\"vi_VN\" \/>\n<meta property=\"og:type\" content=\"article\" \/>\n<meta property=\"og:title\" content=\"Sitemap - Calidas\" \/>\n<meta property=\"og:description\" content=\"Overview Accommodation Studio King Studio Twin 2 Bedroom 3 Bedroom Connecting Room In-house Service the pearl restaurant smoking room kids room business center cafe lounge Facilities Fitness Swimming Pool Outdoor Garden Landmark72 Plaza Promotion Contact Book Now Terms Of Use Privacy Policy\" \/>\n<meta property=\"og:url\" content=\"https:\/\/calidas.com\/vi\/sitemap\/\" \/>\n<meta property=\"og:site_name\" content=\"Calidas\" \/>\n<meta property=\"article:modified_time\" content=\"2024-06-19T08:05:14+00:00\" \/>\n<meta name=\"twitter:card\" content=\"summary_large_image\" \/>\n<meta name=\"twitter:label1\" content=\"\u01af\u1edbc t\u00ednh th\u1eddi gian \u0111\u1ecdc\" \/>\n\t<meta name=\"twitter:data1\" content=\"1 ph\u00fat\" \/>\n<script type=\"application\/ld+json\" class=\"yoast-schema-graph\">{\"@context\":\"https:\/\/schema.org\",\"@graph\":[{\"@type\":\"WebPage\",\"@id\":\"https:\/\/calidas.com\/vi\/sitemap\/\",\"url\":\"https:\/\/calidas.com\/vi\/sitemap\/\",\"name\":\"Sitemap - Calidas\",\"isPartOf\":{\"@id\":\"https:\/\/calidas.com\/vi\/#website\"},\"datePublished\":\"2024-04-23T01:50:14+00:00\",\"dateModified\":\"2024-06-19T08:05:14+00:00\",\"breadcrumb\":{\"@id\":\"https:\/\/calidas.com\/vi\/sitemap\/#breadcrumb\"},\"inLanguage\":\"vi\",\"potentialAction\":[{\"@type\":\"ReadAction\",\"target\":[\"https:\/\/calidas.com\/vi\/sitemap\/\"]}]},{\"@type\":\"BreadcrumbList\",\"@id\":\"https:\/\/calidas.com\/vi\/sitemap\/#breadcrumb\",\"itemListElement\":[{\"@type\":\"ListItem\",\"position\":1,\"name\":\"Home\",\"item\":\"https:\/\/calidas.com\/\"},{\"@type\":\"ListItem\",\"position\":2,\"name\":\"Sitemap\"}]},{\"@type\":\"WebSite\",\"@id\":\"https:\/\/calidas.com\/vi\/#website\",\"url\":\"https:\/\/calidas.com\/vi\/\",\"name\":\"Calidas\",\"description\":\"Booking Hotel\",\"potentialAction\":[{\"@type\":\"SearchAction\",\"target\":{\"@type\":\"EntryPoint\",\"urlTemplate\":\"https:\/\/calidas.com\/vi\/?s={search_term_string}\"},\"query-input\":\"required name=search_term_string\"}],\"inLanguage\":\"vi\"}]}<\/script>\n<!-- \/ Yoast SEO plugin. -->","yoast_head_json":{"title":"Sitemap - Calidas","robots":{"index":"index","follow":"follow","max-snippet":"max-snippet:-1","max-image-preview":"max-image-preview:large","max-video-preview":"max-video-preview:-1"},"canonical":"https:\/\/calidas.com\/vi\/sitemap\/","og_locale":"vi_VN","og_type":"article","og_title":"Sitemap - Calidas","og_description":"Overview Accommodation Studio King Studio Twin 2 Bedroom 3 Bedroom Connecting Room In-house Service the pearl restaurant smoking room kids room business center cafe lounge Facilities Fitness Swimming Pool Outdoor Garden Landmark72 Plaza Promotion Contact Book Now Terms Of Use Privacy Policy","og_url":"https:\/\/calidas.com\/vi\/sitemap\/","og_site_name":"Calidas","article_modified_time":"2024-06-19T08:05:14+00:00","twitter_card":"summary_large_image","twitter_misc":{"\u01af\u1edbc t\u00ednh th\u1eddi gian \u0111\u1ecdc":"1 ph\u00fat"},"schema":{"@context":"https:\/\/schema.org","@graph":[{"@type":"WebPage","@id":"https:\/\/calidas.com\/vi\/sitemap\/","url":"https:\/\/calidas.com\/vi\/sitemap\/","name":"Sitemap - Calidas","isPartOf":{"@id":"https:\/\/calidas.com\/vi\/#website"},"datePublished":"2024-04-23T01:50:14+00:00","dateModified":"2024-06-19T08:05:14+00:00","breadcrumb":{"@id":"https:\/\/calidas.com\/vi\/sitemap\/#breadcrumb"},"inLanguage":"vi","potentialAction":[{"@type":"ReadAction","target":["https:\/\/calidas.com\/vi\/sitemap\/"]}]},{"@type":"BreadcrumbList","@id":"https:\/\/calidas.com\/vi\/sitemap\/#breadcrumb","itemListElement":[{"@type":"ListItem","position":1,"name":"Home","item":"https:\/\/calidas.com\/"},{"@type":"ListItem","position":2,"name":"Sitemap"}]},{"@type":"WebSite","@id":"https:\/\/calidas.com\/vi\/#website","url":"https:\/\/calidas.com\/vi\/","name":"Calidas","description":"Booking Hotel","potentialAction":[{"@type":"SearchAction","target":{"@type":"EntryPoint","urlTemplate":"https:\/\/calidas.com\/vi\/?s={search_term_string}"},"query-input":"required name=search_term_string"}],"inLanguage":"vi"}]}},"_links":{"self":[{"href":"https:\/\/calidas.com\/vi\/wp-json\/wp\/v2\/pages\/16713","targetHints":{"allow":["GET"]}}],"collection":[{"href":"https:\/\/calidas.com\/vi\/wp-json\/wp\/v2\/pages"}],"about":[{"href":"https:\/\/calidas.com\/vi\/wp-json\/wp\/v2\/types\/page"}],"author":[{"embeddable":true,"href":"https:\/\/calidas.com\/vi\/wp-json\/wp\/v2\/users\/19"}],"replies":[{"embeddable":true,"href":"https:\/\/calidas.com\/vi\/wp-json\/wp\/v2\/comments?post=16713"}],"version-history":[{"count":0,"href":"https:\/\/calidas.com\/vi\/wp-json\/wp\/v2\/pages\/16713\/revisions"}],"wp:attachment":[{"href":"https:\/\/calidas.com\/vi\/wp-json\/wp\/v2\/media?parent=16713"}],"curies":[{"name":"wp","href":"https:\/\/api.w.org\/{rel}","templated":true}]}}