{"id":16667,"date":"2024-04-15T02:22:15","date_gmt":"2024-04-15T02:22:15","guid":{"rendered":"https:\/\/calidas.kvit.vn\/?page_id=16667"},"modified":"2024-12-06T10:12:09","modified_gmt":"2024-12-06T03:12:09","slug":"term-of-use","status":"publish","type":"page","link":"https:\/\/calidas.com\/vi\/term-of-use\/","title":{"rendered":"\u0110i\u1ec1u kho\u1ea3n s\u1eed d\u1ee5ng"},"content":{"rendered":"<div data-elementor-type=\"wp-page\" data-elementor-id=\"16667\" class=\"elementor elementor-16667\" data-elementor-post-type=\"page\">\n\t\t\t\t<div class=\"elementor-element elementor-element-8687575 e-flex e-con-boxed wpr-particle-no wpr-jarallax-no wpr-parallax-no wpr-sticky-section-no e-con e-parent\" data-id=\"8687575\" data-element_type=\"container\" data-settings=\"{&quot;background_background&quot;:&quot;classic&quot;}\" data-core-v316-plus=\"true\">\n\t\t\t\t\t<div class=\"e-con-inner\">\n\t\t\t\t\t<\/div>\n\t\t\t\t<\/div>\n\t\t<div class=\"elementor-element elementor-element-454b8a3 e-flex e-con-boxed wpr-particle-no wpr-jarallax-no wpr-parallax-no wpr-sticky-section-no e-con e-parent\" data-id=\"454b8a3\" data-element_type=\"container\" data-core-v316-plus=\"true\">\n\t\t\t\t\t<div class=\"e-con-inner\">\n\t\t\t\t<div class=\"elementor-element elementor-element-9f25e60 elementor-view-default elementor-widget elementor-widget-icon\" data-id=\"9f25e60\" data-element_type=\"widget\" data-widget_type=\"icon.default\">\n\t\t\t\t<div class=\"elementor-widget-container\">\n\t\t\t\t\t<div class=\"elementor-icon-wrapper\">\n\t\t\t<div class=\"elementor-icon\">\n\t\t\t<svg aria-hidden=\"true\" class=\"e-font-icon-svg e-fas-home\" viewbox=\"0 0 576 512\" xmlns=\"http:\/\/www.w3.org\/2000\/svg\"><path d=\"M280.37 148.26L96 300.11V464a16 16 0 0 0 16 16l112.06-.29a16 16 0 0 0 15.92-16V368a16 16 0 0 1 16-16h64a16 16 0 0 1 16 16v95.64a16 16 0 0 0 16 16.05L464 480a16 16 0 0 0 16-16V300L295.67 148.26a12.19 12.19 0 0 0-15.3 0zM571.6 251.47L488 182.56V44.05a12 12 0 0 0-12-12h-56a12 12 0 0 0-12 12v72.61L318.47 43a48 48 0 0 0-61 0L4.34 251.47a12 12 0 0 0-1.6 16.9l25.5 31A12 12 0 0 0 45.15 301l235.22-193.74a12.19 12.19 0 0 1 15.3 0L530.9 301a12 12 0 0 0 16.9-1.6l25.5-31a12 12 0 0 0-1.7-16.93z\"><\/path><\/svg>\t\t\t<\/div>\n\t\t<\/div>\n\t\t\t\t<\/div>\n\t\t\t\t<\/div>\n\t\t\t\t<div class=\"elementor-element elementor-element-e8c5886 elementor-widget elementor-widget-breadcrumbs\" data-id=\"e8c5886\" data-element_type=\"widget\" data-widget_type=\"breadcrumbs.default\">\n\t\t\t\t<div class=\"elementor-widget-container\">\n\t\t\t<link rel=\"stylesheet\" href=\"https:\/\/calidas.com\/wp-content\/plugins\/elementor-pro\/assets\/css\/widget-theme-elements.min.css\"><p id=\"breadcrumbs\"><span><span><a href=\"https:\/\/calidas.com\/vi\/\">Trang ch\u1ee7<\/a><\/span><\/span><\/p>\t\t<\/div>\n\t\t\t\t<\/div>\n\t\t\t\t\t<\/div>\n\t\t\t\t<\/div>\n\t\t<div class=\"elementor-element elementor-element-522fd39 e-flex e-con-boxed wpr-particle-no wpr-jarallax-no wpr-parallax-no wpr-sticky-section-no e-con e-parent\" data-id=\"522fd39\" data-element_type=\"container\" data-core-v316-plus=\"true\">\n\t\t\t\t\t<div class=\"e-con-inner\">\n\t\t\t\t<div class=\"elementor-element elementor-element-a2ac029 elementor-widget elementor-widget-heading\" data-id=\"a2ac029\" data-element_type=\"widget\" data-widget_type=\"heading.default\">\n\t\t\t\t<div class=\"elementor-widget-container\">\n\t\t\t<style>\/*! elementor - v3.20.0 - 26-03-2024 *\/\n.elementor-heading-title{padding:0;margin:0;line-height:1}.elementor-widget-heading .elementor-heading-title[class*=elementor-size-]>a{color:inherit;font-size:inherit;line-height:inherit}.elementor-widget-heading .elementor-heading-title.elementor-size-small{font-size:15px}.elementor-widget-heading .elementor-heading-title.elementor-size-medium{font-size:19px}.elementor-widget-heading .elementor-heading-title.elementor-size-large{font-size:29px}.elementor-widget-heading .elementor-heading-title.elementor-size-xl{font-size:39px}.elementor-widget-heading .elementor-heading-title.elementor-size-xxl{font-size:59px}<\/style><h2 class=\"elementor-heading-title elementor-size-default\">\u0110I\u1ec0U KHO\u1ea2N S\u1eec D\u1ee4NG<\/h2>\t\t<\/div>\n\t\t\t\t<\/div>\n\t\t\t\t<div class=\"elementor-element elementor-element-39f8af9 elementor-widget-divider--view-line elementor-widget elementor-widget-divider\" data-id=\"39f8af9\" data-element_type=\"widget\" data-widget_type=\"divider.default\">\n\t\t\t\t<div class=\"elementor-widget-container\">\n\t\t\t<style>\/*! elementor - v3.20.0 - 26-03-2024 *\/\n.elementor-widget-divider{--divider-border-style:none;--divider-border-width:1px;--divider-color:#0c0d0e;--divider-icon-size:20px;--divider-element-spacing:10px;--divider-pattern-height:24px;--divider-pattern-size:20px;--divider-pattern-url:none;--divider-pattern-repeat:repeat-x}.elementor-widget-divider .elementor-divider{display:flex}.elementor-widget-divider .elementor-divider__text{font-size:15px;line-height:1;max-width:95%}.elementor-widget-divider .elementor-divider__element{margin:0 var(--divider-element-spacing);flex-shrink:0}.elementor-widget-divider .elementor-icon{font-size:var(--divider-icon-size)}.elementor-widget-divider .elementor-divider-separator{display:flex;margin:0;direction:ltr}.elementor-widget-divider--view-line_icon .elementor-divider-separator,.elementor-widget-divider--view-line_text .elementor-divider-separator{align-items:center}.elementor-widget-divider--view-line_icon .elementor-divider-separator:after,.elementor-widget-divider--view-line_icon .elementor-divider-separator:before,.elementor-widget-divider--view-line_text .elementor-divider-separator:after,.elementor-widget-divider--view-line_text .elementor-divider-separator:before{display:block;content:\"\";border-block-end:0;flex-grow:1;border-block-start:var(--divider-border-width) var(--divider-border-style) var(--divider-color)}.elementor-widget-divider--element-align-left .elementor-divider .elementor-divider-separator>.elementor-divider__svg:first-of-type{flex-grow:0;flex-shrink:100}.elementor-widget-divider--element-align-left .elementor-divider-separator:before{content:none}.elementor-widget-divider--element-align-left .elementor-divider__element{margin-left:0}.elementor-widget-divider--element-align-right .elementor-divider .elementor-divider-separator>.elementor-divider__svg:last-of-type{flex-grow:0;flex-shrink:100}.elementor-widget-divider--element-align-right .elementor-divider-separator:after{content:none}.elementor-widget-divider--element-align-right .elementor-divider__element{margin-right:0}.elementor-widget-divider--element-align-start .elementor-divider .elementor-divider-separator>.elementor-divider__svg:first-of-type{flex-grow:0;flex-shrink:100}.elementor-widget-divider--element-align-start .elementor-divider-separator:before{content:none}.elementor-widget-divider--element-align-start .elementor-divider__element{margin-inline-start:0}.elementor-widget-divider--element-align-end .elementor-divider .elementor-divider-separator>.elementor-divider__svg:last-of-type{flex-grow:0;flex-shrink:100}.elementor-widget-divider--element-align-end .elementor-divider-separator:after{content:none}.elementor-widget-divider--element-align-end .elementor-divider__element{margin-inline-end:0}.elementor-widget-divider:not(.elementor-widget-divider--view-line_text):not(.elementor-widget-divider--view-line_icon) .elementor-divider-separator{border-block-start:var(--divider-border-width) var(--divider-border-style) var(--divider-color)}.elementor-widget-divider--separator-type-pattern{--divider-border-style:none}.elementor-widget-divider--separator-type-pattern.elementor-widget-divider--view-line .elementor-divider-separator,.elementor-widget-divider--separator-type-pattern:not(.elementor-widget-divider--view-line) .elementor-divider-separator:after,.elementor-widget-divider--separator-type-pattern:not(.elementor-widget-divider--view-line) .elementor-divider-separator:before,.elementor-widget-divider--separator-type-pattern:not([class*=elementor-widget-divider--view]) .elementor-divider-separator{width:100%;min-height:var(--divider-pattern-height);-webkit-mask-size:var(--divider-pattern-size) 100%;mask-size:var(--divider-pattern-size) 100%;-webkit-mask-repeat:var(--divider-pattern-repeat);mask-repeat:var(--divider-pattern-repeat);background-color:var(--divider-color);-webkit-mask-image:var(--divider-pattern-url);mask-image:var(--divider-pattern-url)}.elementor-widget-divider--no-spacing{--divider-pattern-size:auto}.elementor-widget-divider--bg-round{--divider-pattern-repeat:round}.rtl .elementor-widget-divider .elementor-divider__text{direction:rtl}.e-con-inner>.elementor-widget-divider,.e-con>.elementor-widget-divider{width:var(--container-widget-width,100%);--flex-grow:var(--container-widget-flex-grow)}<\/style>\t\t<div class=\"elementor-divider\">\n\t\t\t<span class=\"elementor-divider-separator\">\n\t\t\t\t\t\t<\/span>\n\t\t<\/div>\n\t\t\t\t<\/div>\n\t\t\t\t<\/div>\n\t\t\t\t<div class=\"elementor-element elementor-element-fa898ac elementor-widget elementor-widget-text-editor\" data-id=\"fa898ac\" data-element_type=\"widget\" data-widget_type=\"text-editor.default\">\n\t\t\t\t<div class=\"elementor-widget-container\">\n\t\t\t<style>\/*! elementor - v3.20.0 - 26-03-2024 *\/\n.elementor-widget-text-editor.elementor-drop-cap-view-stacked .elementor-drop-cap{background-color:#69727d;color:#fff}.elementor-widget-text-editor.elementor-drop-cap-view-framed .elementor-drop-cap{color:#69727d;border:3px solid;background-color:transparent}.elementor-widget-text-editor:not(.elementor-drop-cap-view-default) .elementor-drop-cap{margin-top:8px}.elementor-widget-text-editor:not(.elementor-drop-cap-view-default) .elementor-drop-cap-letter{width:1em;height:1em}.elementor-widget-text-editor .elementor-drop-cap{float:left;text-align:center;line-height:1;font-size:50px}.elementor-widget-text-editor .elementor-drop-cap-letter{display:inline-block}<\/style>\t\t\t\t<p>Ch\u00e0o m\u1eebng qu\u00fd kh\u00e1ch \u0111\u1ebfn v\u1edbi website c\u1ee7a Calidas Landmark72. B\u1eb1ng vi\u1ec7c truy c\u1eadp v\u00e0 s\u1eed d\u1ee5ng website n\u00e0y, b\u1ea1n \u0111\u1ed3ng \u00fd tu\u00e2n theo c\u00e1c \u0110i\u1ec1u kho\u1ea3n S\u1eed d\u1ee5ng v\u00e0 Ch\u00ednh s\u00e1ch B\u1ea3o m\u1eadt \u0111\u01b0\u1ee3c n\u00eau d\u01b0\u1edbi \u0111\u00e2y. N\u1ebfu b\u1ea1n kh\u00f4ng \u0111\u1ed3ng \u00fd v\u1edbi c\u00e1c \u0111i\u1ec1u kho\u1ea3n n\u00e0y, vui l\u00f2ng kh\u00f4ng s\u1eed d\u1ee5ng website c\u1ee7a ch\u00fang t\u00f4i.<\/p>\t\t\t\t\t\t<\/div>\n\t\t\t\t<\/div>\n\t\t\t\t<div class=\"elementor-element elementor-element-c0dc42e elementor-widget elementor-widget-text-editor\" data-id=\"c0dc42e\" data-element_type=\"widget\" data-widget_type=\"text-editor.default\">\n\t\t\t\t<div class=\"elementor-widget-container\">\n\t\t\t\t\t\t\t<p><strong>1. Quy\u1ec1n S\u1edf H\u1eefu Tr\u00ed Tu\u1ec7<\/strong><\/p><p>To\u00e0n b\u1ed9 n\u1ed9i dung tr\u00ean website, bao g\u1ed3m nh\u01b0ng kh\u00f4ng gi\u1edbi h\u1ea1n \u1edf v\u0103n b\u1ea3n, \u0111\u1ed3 h\u1ecda, logo, bi\u1ec3u t\u01b0\u1ee3ng, h\u00ecnh \u1ea3nh, clip \u00e2m thanh, t\u1ea3i xu\u1ed1ng v\u00e0 ph\u1ea7n m\u1ec1m l\u00e0 t\u00e0i s\u1ea3n c\u1ee7a Calidas Landmark72 ho\u1eb7c \u0111\u01b0\u1ee3c c\u1ea5p ph\u00e9p s\u1eed d\u1ee5ng v\u00e0 \u0111\u01b0\u1ee3c b\u1ea3o v\u1ec7 b\u1edfi lu\u1eadt s\u1edf h\u1eefu tr\u00ed tu\u1ec7 Vi\u1ec7t Nam v\u00e0 qu\u1ed1c t\u1ebf.<\/p><p><strong>2. S\u1eed D\u1ee5ng H\u1ee3p L\u1ec7<\/strong><\/p><p>Qu\u00fd kh\u00e1ch \u0111\u1ed3ng \u00fd s\u1eed d\u1ee5ng website n\u00e0y ch\u1ec9 cho c\u00e1c m\u1ee5c \u0111\u00edch h\u1ee3p ph\u00e1p v\u00e0 tu\u00e2n th\u1ee7 t\u1ea5t c\u1ea3 c\u00e1c lu\u1eadt v\u00e0 quy \u0111\u1ecbnh hi\u1ec7n h\u00e0nh. Qu\u00fd kh\u00e1ch kh\u00f4ng \u0111\u01b0\u1ee3c s\u1eed d\u1ee5ng website n\u00e0y v\u00e0o m\u1ee5c \u0111\u00edch tr\u00e1i ph\u00e9p, l\u1eeba \u0111\u1ea3o, ph\u00e1 ho\u1ea1i, ho\u1eb7c g\u00e2y r\u1ed1i tr\u1eadt t\u1ef1 c\u00f4ng c\u1ed9ng.<\/p><p><strong>3. Gi\u1edbi H\u1ea1n Tr\u00e1ch Nhi\u1ec7m<\/strong><\/p><p>Calidas Landmark72 n\u1ed7 l\u1ef1c cung c\u1ea5p th\u00f4ng tin ch\u00ednh x\u00e1c v\u00e0 c\u1eadp nh\u1eadt, nh\u01b0ng kh\u00f4ng \u0111\u1ea3m b\u1ea3o ho\u1eb7c ch\u1ecbu tr\u00e1ch nhi\u1ec7m v\u1ec1 t\u00ednh ch\u00ednh x\u00e1c, \u0111\u1ea7y \u0111\u1ee7 c\u1ee7a th\u00f4ng tin tr\u00ean website. Calidas Landmark72 kh\u00f4ng ch\u1ecbu tr\u00e1ch nhi\u1ec7m cho b\u1ea5t k\u1ef3 t\u1ed5n th\u1ea5t ho\u1eb7c thi\u1ec7t h\u1ea1i n\u00e0o ph\u00e1t sinh t\u1eeb vi\u1ec7c s\u1eed d\u1ee5ng th\u00f4ng tin tr\u00ean website n\u00e0y.<\/p><p><strong>4. Thay \u0110\u1ed5i \u0110i\u1ec1u Kho\u1ea3n<\/strong><\/p><p>Calidas Landmark72 c\u00f3 quy\u1ec1n thay \u0111\u1ed5i, ch\u1ec9nh s\u1eeda, th\u00eam ho\u1eb7c lo\u1ea1i b\u1ecf b\u1ea5t k\u1ef3 ph\u1ea7n n\u00e0o c\u1ee7a \u0110i\u1ec1u kho\u1ea3n S\u1eed d\u1ee5ng n\u00e0y v\u00e0o b\u1ea5t k\u1ef3 th\u1eddi \u0111i\u1ec3m n\u00e0o m\u00e0 kh\u00f4ng c\u1ea7n th\u00f4ng b\u00e1o tr\u01b0\u1edbc. Vi\u1ec7c ti\u1ebfp t\u1ee5c s\u1eed d\u1ee5ng website sau khi c\u00e1c thay \u0111\u1ed5i v\u1ec1 \u0111i\u1ec1u kho\u1ea3n \u0111\u01b0\u1ee3c \u0111\u0103ng t\u1ea3i s\u1ebd coi nh\u01b0 b\u1ea1n ch\u1ea5p nh\u1eadn v\u00e0 \u0111\u1ed3ng \u00fd v\u1edbi c\u00e1c thay \u0111\u1ed5i \u0111\u00f3.<\/p><p><strong>5. Li\u00ean K\u1ebft \u0111\u1ebfn Trang Web Kh\u00e1c<\/strong><\/p><p>Website n\u00e0y c\u00f3 th\u1ec3 ch\u1ee9a li\u00ean k\u1ebft \u0111\u1ebfn c\u00e1c website kh\u00e1c kh\u00f4ng \u0111\u01b0\u1ee3c qu\u1ea3n l\u00fd b\u1edfi Calidas Landmark72. Ch\u00fang t\u00f4i kh\u00f4ng ch\u1ecbu tr\u00e1ch nhi\u1ec7m v\u1ec1 n\u1ed9i dung ho\u1eb7c ch\u00ednh s\u00e1ch b\u1ea3o m\u1eadt c\u1ee7a c\u00e1c website \u0111\u00f3 v\u00e0 khuy\u1ebfn kh\u00edch b\u1ea1n \u0111\u1ecdc k\u1ef9 ch\u00ednh s\u00e1ch b\u1ea3o m\u1eadt c\u1ee7a m\u1ed7i website m\u00e0 b\u1ea1n truy c\u1eadp.<\/p><p><strong>6. Quy \u0110\u1ecbnh v\u1ec1 B\u1ea3o M\u1eadt<\/strong><\/p><p>Ch\u00ednh s\u00e1ch B\u1ea3o m\u1eadt c\u1ee7a ch\u00fang t\u00f4i m\u00f4 t\u1ea3 c\u00e1ch th\u1ee9c thu th\u1eadp, s\u1eed d\u1ee5ng v\u00e0 b\u1ea3o v\u1ec7 th\u00f4ng tin c\u00e1 nh\u00e2n c\u1ee7a b\u1ea1n khi b\u1ea1n s\u1eed d\u1ee5ng website c\u1ee7a ch\u00fang t\u00f4i. B\u1eb1ng vi\u1ec7c s\u1eed d\u1ee5ng website n\u00e0y, b\u1ea1n c\u0169ng \u0111\u1ed3ng \u00fd v\u1edbi c\u00e1c quy \u0111\u1ecbnh c\u1ee7a Ch\u00ednh s\u00e1ch B\u1ea3o m\u1eadt.<\/p><p><strong>7. Li\u00ean H\u1ec7<\/strong><\/p><p>N\u1ebfu b\u1ea1n c\u00f3 b\u1ea5t k\u1ef3 c\u00e2u h\u1ecfi ho\u1eb7c ph\u1ea3n h\u1ed3i n\u00e0o li\u00ean quan \u0111\u1ebfn \u0110i\u1ec1u kho\u1ea3n S\u1eed d\u1ee5ng n\u00e0y, vui l\u00f2ng li\u00ean h\u1ec7 v\u1edbi ch\u00fang t\u00f4i qua \u0111\u1ecba ch\u1ec9 email: calidas@aonvina.com.<\/p><p>\u0110i\u1ec1u kho\u1ea3n S\u1eed d\u1ee5ng n\u00e0y nh\u1eb1m \u0111\u1ea3m b\u1ea3o m\u1ed9t m\u00f4i tr\u01b0\u1eddng tr\u1ef1c tuy\u1ebfn an to\u00e0n v\u00e0 c\u00f4ng b\u1eb1ng cho t\u1ea5t c\u1ea3 ng\u01b0\u1eddi d\u00f9ng. Ch\u00fang t\u00f4i khuy\u1ebfn kh\u00edch b\u1ea1n th\u01b0\u1eddng xuy\u00ean xem l\u1ea1i \u0111\u1ec3 c\u1eadp nh\u1eadt v\u1edbi c\u00e1c thay \u0111\u1ed5i v\u00e0 \u0111i\u1ec1u ch\u1ec9nh.<\/p><p><strong>CH\u00cdNH S\u00c1CH GIAO V\u00c0 NH\u1eacN PH\u00d2NG<\/strong><\/p><p>Sau khi ho\u00e0n t\u1ea5t thanh to\u00e1n \u0111\u1eb7t ph\u00f2ng, ch\u00fang t\u00f4i s\u1ebd x\u00e1c nh\u1eadn th\u00f4ng tin qua email, \u0111i\u1ec7n tho\u1ea1i ho\u1eb7c tin nh\u1eafn. Qu\u00fd kh\u00e1ch c\u1ea7n xu\u1ea5t tr\u00ecnh th\u00f4ng tin x\u00e1c nh\u1eadn n\u00e0y khi l\u00e0m th\u1ee7 t\u1ee5c nh\u1eadn ph\u00f2ng.<br \/>\u2022 Th\u1eddi gian nh\u1eadn ph\u00f2ng: Sau: 14:00.<br \/>\u2022 Th\u1eddi gian tr\u1ea3 ph\u00f2ng: Tr\u01b0\u1edbc 12:00.<br \/>Tr\u1ea3 ph\u00f2ng trong kho\u1ea3ng 12:00 \u0111\u1ebfn 18:00 s\u1ebd b\u1ecb t\u00ednh 50% ti\u1ec1n ph\u00f2ng  c\u1ee7a 1 \u0111\u00eam. Tr\u1ea3 ph\u00f2ng sau 18:00 s\u1ebd t\u00ednh 100% 1 \u0111\u00eam ti\u1ec1n ph\u00f2ng.<\/p><p><strong>Ch\u00ednh s\u00e1ch d\u00e0nh cho tr\u1ebb em:<\/strong><\/p><p>\u2022 D\u01b0\u1edbi 5 tu\u1ed5i: Mi\u1ec5n ph\u00ed.<br \/>\u2022 T\u1eeb 5-7 tu\u1ed5i: 15 USD\/\u0111\u00eam (\u0111\u00e3 bao g\u1ed3m ph\u00ed).<br \/>\u2022 T\u1eeb 8 tu\u1ed5i tr\u1edf l\u00ean: 30 USD\/\u0111\u00eam (\u0111\u00e3 bao g\u1ed3m ph\u00ed).<br \/>\u2022 Gi\u01b0\u1eddng ph\u1ee5: 30 USD\/\u0111\u00eam (\u0111\u00e3 bao g\u1ed3m ph\u00ed).<br \/>\u2022 C\u00e1c m\u1ee9c gi\u00e1 tr\u00ean \u0111\u00e3 bao g\u1ed3m 5% ph\u00ed d\u1ecbch v\u1ee5 v\u00e0 thu\u1ebf.<\/p><p><strong>CH\u00cdNH S\u00c1CH \u0110\u1ed4I, TR\u1ea2 PH\u00d2NG V\u00c0 HO\u00c0N TI\u1ec0N<\/strong><\/p><p>\u2022 T\u00ednh ph\u00ed 1 \u0111\u00eam cho vi\u1ec7c h\u1ee7y \u0111\u1eb7t ph\u00f2ng trong v\u00f2ng 72 gi\u1edd tr\u01b0\u1edbc khi \u0111\u1ebfn.<br \/>\u2022 B\u1ea5t k\u1ef3 vi\u1ec7c h\u1ee7y, thay \u0111\u1ed5i, r\u00fat ng\u1eafn th\u1eddi gian l\u01b0u tr\u00fa n\u00e0o trong v\u00f2ng 48 gi\u1edd tr\u01b0\u1edbc ng\u00e0y \u0111\u1ebfn, ho\u1eb7c kh\u00f4ng \u0111\u1ebfn, tr\u1ea3 ph\u00f2ng s\u1edbm m\u00e0 kh\u00f4ng th\u00f4ng b\u00e1o s\u1ebd b\u1ecb t\u00ednh ph\u00ed 100% t\u1ed5ng gi\u00e1 tr\u1ecb \u0111\u1eb7t ph\u00f2ng.<\/p><p><strong>CH\u00cdNH S\u00c1CH THANH TO\u00c1N<\/strong><\/p><ol><li class=\" translation-block\"><strong>Thanh to\u00e1n theo OnePay Vietnam (th\u1ebb ATM) <\/strong><strong> h\u00ecnh th\u1ee9c thanh to\u00e1n qu\u1ed1c t\u1ebf (Visa, Master): <\/strong>Kh\u00e1ch h\u00e0ng \u0111i\u1ec1n \u0111\u1ea7y \u0111\u1ee7 th\u00f4ng tin thanh to\u00e1n theo h\u00ecnh th\u1ee9c t\u01b0\u01a1ng \u1ee9ng.<\/li><li><strong>Thanh to\u00e1n b\u1eb1ng ph\u01b0\u01a1ng th\u1ee9c chuy\u1ec3n kho\u1ea3n:<\/strong><ul><li>Ng\u00e2n h\u00e0ng: Woori Bank H\u00e0 N\u1ed9i<\/li><li>T\u00ean t\u00e0i kho\u1ea3n: AON VINA., Ltd<\/li><li>S\u1ed1 t\u00e0i kho\u1ea3n:<ul><li>USD: 100920084285<\/li><li>VND: 100920084278<\/li><\/ul><\/li><\/ul><\/li><li class=\" translation-block\"><strong>Thanh to\u00e1n tr\u1ef1c ti\u1ebfp:<\/strong> Kh\u00e1ch h\u00e0ng thanh to\u00e1n tr\u1ef1c ti\u1ebfp v\u1edbi kh\u00e1ch s\u1ea1n.<\/li><\/ol>\t\t\t\t\t\t<\/div>\n\t\t\t\t<\/div>\n\t\t\t\t\t<\/div>\n\t\t\t\t<\/div>\n\t\t\t\t<\/div>","protected":false},"excerpt":{"rendered":"<p>term of use Welcome to the Calidas website. By accessing and using this website, you agree to abide by the Terms of Use and Privacy Policy set forth below. If you do not agree with these terms, please do not use our website. 1. Interllectual Property Rights All content on the website only for lawful [&hellip;]<\/p>","protected":false},"author":19,"featured_media":0,"parent":0,"menu_order":5,"comment_status":"closed","ping_status":"closed","template":"template-blank.php","meta":{"_acf_changed":false,"footnotes":""},"class_list":["post-16667","page","type-page","status-publish","has-post-thumbnail","hentry"],"acf":[],"yoast_head":"<!-- This site is optimized with the Yoast SEO plugin v22.4 - https:\/\/yoast.com\/wordpress\/plugins\/seo\/ -->\n<title>Term Of Use - Calidas<\/title>\n<meta name=\"robots\" content=\"index, follow, max-snippet:-1, max-image-preview:large, max-video-preview:-1\" \/>\n<link rel=\"canonical\" href=\"https:\/\/calidas.com\/vi\/term-of-use\/\" \/>\n<meta property=\"og:locale\" content=\"vi_VN\" \/>\n<meta property=\"og:type\" content=\"article\" \/>\n<meta property=\"og:title\" content=\"Term Of Use - Calidas\" \/>\n<meta property=\"og:description\" content=\"term of use Welcome to the Calidas website. By accessing and using this website, you agree to abide by the Terms of Use and Privacy Policy set forth below. If you do not agree with these terms, please do not use our website. 1. Interllectual Property Rights All content on the website only for lawful [&hellip;]\" \/>\n<meta property=\"og:url\" content=\"https:\/\/calidas.com\/vi\/term-of-use\/\" \/>\n<meta property=\"og:site_name\" content=\"Calidas\" \/>\n<meta property=\"article:modified_time\" content=\"2024-12-06T03:12:09+00:00\" \/>\n<meta name=\"twitter:card\" content=\"summary_large_image\" \/>\n<meta name=\"twitter:label1\" content=\"\u01af\u1edbc t\u00ednh th\u1eddi gian \u0111\u1ecdc\" \/>\n\t<meta name=\"twitter:data1\" content=\"3 ph\u00fat\" \/>\n<script type=\"application\/ld+json\" class=\"yoast-schema-graph\">{\"@context\":\"https:\/\/schema.org\",\"@graph\":[{\"@type\":\"WebPage\",\"@id\":\"https:\/\/calidas.com\/vi\/term-of-use\/\",\"url\":\"https:\/\/calidas.com\/vi\/term-of-use\/\",\"name\":\"Term Of Use - Calidas\",\"isPartOf\":{\"@id\":\"https:\/\/calidas.com\/vi\/#website\"},\"datePublished\":\"2024-04-15T02:22:15+00:00\",\"dateModified\":\"2024-12-06T03:12:09+00:00\",\"breadcrumb\":{\"@id\":\"https:\/\/calidas.com\/vi\/term-of-use\/#breadcrumb\"},\"inLanguage\":\"vi\",\"potentialAction\":[{\"@type\":\"ReadAction\",\"target\":[\"https:\/\/calidas.com\/vi\/term-of-use\/\"]}]},{\"@type\":\"BreadcrumbList\",\"@id\":\"https:\/\/calidas.com\/vi\/term-of-use\/#breadcrumb\",\"itemListElement\":[{\"@type\":\"ListItem\",\"position\":1,\"name\":\"Home\",\"item\":\"https:\/\/calidas.com\/\"},{\"@type\":\"ListItem\",\"position\":2,\"name\":\"Term Of Use\"}]},{\"@type\":\"WebSite\",\"@id\":\"https:\/\/calidas.com\/vi\/#website\",\"url\":\"https:\/\/calidas.com\/vi\/\",\"name\":\"Calidas\",\"description\":\"Booking Hotel\",\"potentialAction\":[{\"@type\":\"SearchAction\",\"target\":{\"@type\":\"EntryPoint\",\"urlTemplate\":\"https:\/\/calidas.com\/vi\/?s={search_term_string}\"},\"query-input\":\"required name=search_term_string\"}],\"inLanguage\":\"vi\"}]}<\/script>\n<!-- \/ Yoast SEO plugin. -->","yoast_head_json":{"title":"Term Of Use - Calidas","robots":{"index":"index","follow":"follow","max-snippet":"max-snippet:-1","max-image-preview":"max-image-preview:large","max-video-preview":"max-video-preview:-1"},"canonical":"https:\/\/calidas.com\/vi\/term-of-use\/","og_locale":"vi_VN","og_type":"article","og_title":"Term Of Use - Calidas","og_description":"term of use Welcome to the Calidas website. By accessing and using this website, you agree to abide by the Terms of Use and Privacy Policy set forth below. If you do not agree with these terms, please do not use our website. 1. Interllectual Property Rights All content on the website only for lawful [&hellip;]","og_url":"https:\/\/calidas.com\/vi\/term-of-use\/","og_site_name":"Calidas","article_modified_time":"2024-12-06T03:12:09+00:00","twitter_card":"summary_large_image","twitter_misc":{"\u01af\u1edbc t\u00ednh th\u1eddi gian \u0111\u1ecdc":"3 ph\u00fat"},"schema":{"@context":"https:\/\/schema.org","@graph":[{"@type":"WebPage","@id":"https:\/\/calidas.com\/vi\/term-of-use\/","url":"https:\/\/calidas.com\/vi\/term-of-use\/","name":"Term Of Use - Calidas","isPartOf":{"@id":"https:\/\/calidas.com\/vi\/#website"},"datePublished":"2024-04-15T02:22:15+00:00","dateModified":"2024-12-06T03:12:09+00:00","breadcrumb":{"@id":"https:\/\/calidas.com\/vi\/term-of-use\/#breadcrumb"},"inLanguage":"vi","potentialAction":[{"@type":"ReadAction","target":["https:\/\/calidas.com\/vi\/term-of-use\/"]}]},{"@type":"BreadcrumbList","@id":"https:\/\/calidas.com\/vi\/term-of-use\/#breadcrumb","itemListElement":[{"@type":"ListItem","position":1,"name":"Home","item":"https:\/\/calidas.com\/"},{"@type":"ListItem","position":2,"name":"Term Of Use"}]},{"@type":"WebSite","@id":"https:\/\/calidas.com\/vi\/#website","url":"https:\/\/calidas.com\/vi\/","name":"Calidas","description":"Booking Hotel","potentialAction":[{"@type":"SearchAction","target":{"@type":"EntryPoint","urlTemplate":"https:\/\/calidas.com\/vi\/?s={search_term_string}"},"query-input":"required name=search_term_string"}],"inLanguage":"vi"}]}},"_links":{"self":[{"href":"https:\/\/calidas.com\/vi\/wp-json\/wp\/v2\/pages\/16667","targetHints":{"allow":["GET"]}}],"collection":[{"href":"https:\/\/calidas.com\/vi\/wp-json\/wp\/v2\/pages"}],"about":[{"href":"https:\/\/calidas.com\/vi\/wp-json\/wp\/v2\/types\/page"}],"author":[{"embeddable":true,"href":"https:\/\/calidas.com\/vi\/wp-json\/wp\/v2\/users\/19"}],"replies":[{"embeddable":true,"href":"https:\/\/calidas.com\/vi\/wp-json\/wp\/v2\/comments?post=16667"}],"version-history":[{"count":6,"href":"https:\/\/calidas.com\/vi\/wp-json\/wp\/v2\/pages\/16667\/revisions"}],"predecessor-version":[{"id":18448,"href":"https:\/\/calidas.com\/vi\/wp-json\/wp\/v2\/pages\/16667\/revisions\/18448"}],"wp:attachment":[{"href":"https:\/\/calidas.com\/vi\/wp-json\/wp\/v2\/media?parent=16667"}],"curies":[{"name":"wp","href":"https:\/\/api.w.org\/{rel}","templated":true}]}}