{"id":16642,"date":"2024-04-15T01:49:39","date_gmt":"2024-04-15T01:49:39","guid":{"rendered":"https:\/\/calidas.kvit.vn\/?page_id=16642"},"modified":"2024-12-18T13:49:49","modified_gmt":"2024-12-18T06:49:49","slug":"privacy-policy","status":"publish","type":"page","link":"https:\/\/calidas.com\/vi\/privacy-policy\/","title":{"rendered":"Ch\u00ednh s\u00e1ch b\u1ea3o m\u1eadt"},"content":{"rendered":"<div data-elementor-type=\"wp-page\" data-elementor-id=\"16642\" class=\"elementor elementor-16642\" data-elementor-post-type=\"page\">\n\t\t\t\t<div class=\"elementor-element elementor-element-8687575 e-flex e-con-boxed wpr-particle-no wpr-jarallax-no wpr-parallax-no wpr-sticky-section-no e-con e-parent\" data-id=\"8687575\" data-element_type=\"container\" data-settings=\"{&quot;background_background&quot;:&quot;classic&quot;}\" data-core-v316-plus=\"true\">\n\t\t\t\t\t<div class=\"e-con-inner\">\n\t\t\t\t\t<\/div>\n\t\t\t\t<\/div>\n\t\t<div class=\"elementor-element elementor-element-454b8a3 e-flex e-con-boxed wpr-particle-no wpr-jarallax-no wpr-parallax-no wpr-sticky-section-no e-con e-parent\" data-id=\"454b8a3\" data-element_type=\"container\" data-core-v316-plus=\"true\">\n\t\t\t\t\t<div class=\"e-con-inner\">\n\t\t\t\t<div class=\"elementor-element elementor-element-9f25e60 elementor-view-default elementor-widget elementor-widget-icon\" data-id=\"9f25e60\" data-element_type=\"widget\" data-widget_type=\"icon.default\">\n\t\t\t\t<div class=\"elementor-widget-container\">\n\t\t\t\t\t<div class=\"elementor-icon-wrapper\">\n\t\t\t<div class=\"elementor-icon\">\n\t\t\t<svg aria-hidden=\"true\" class=\"e-font-icon-svg e-fas-home\" viewbox=\"0 0 576 512\" xmlns=\"http:\/\/www.w3.org\/2000\/svg\"><path d=\"M280.37 148.26L96 300.11V464a16 16 0 0 0 16 16l112.06-.29a16 16 0 0 0 15.92-16V368a16 16 0 0 1 16-16h64a16 16 0 0 1 16 16v95.64a16 16 0 0 0 16 16.05L464 480a16 16 0 0 0 16-16V300L295.67 148.26a12.19 12.19 0 0 0-15.3 0zM571.6 251.47L488 182.56V44.05a12 12 0 0 0-12-12h-56a12 12 0 0 0-12 12v72.61L318.47 43a48 48 0 0 0-61 0L4.34 251.47a12 12 0 0 0-1.6 16.9l25.5 31A12 12 0 0 0 45.15 301l235.22-193.74a12.19 12.19 0 0 1 15.3 0L530.9 301a12 12 0 0 0 16.9-1.6l25.5-31a12 12 0 0 0-1.7-16.93z\"><\/path><\/svg>\t\t\t<\/div>\n\t\t<\/div>\n\t\t\t\t<\/div>\n\t\t\t\t<\/div>\n\t\t\t\t<div class=\"elementor-element elementor-element-e8c5886 elementor-widget elementor-widget-breadcrumbs\" data-id=\"e8c5886\" data-element_type=\"widget\" data-widget_type=\"breadcrumbs.default\">\n\t\t\t\t<div class=\"elementor-widget-container\">\n\t\t\t<link rel=\"stylesheet\" href=\"https:\/\/calidas.com\/wp-content\/plugins\/elementor-pro\/assets\/css\/widget-theme-elements.min.css\"><p id=\"breadcrumbs\"><span><span><a href=\"https:\/\/calidas.com\/vi\/\">Trang ch\u1ee7<\/a><\/span><\/span><\/p>\t\t<\/div>\n\t\t\t\t<\/div>\n\t\t\t\t\t<\/div>\n\t\t\t\t<\/div>\n\t\t<div class=\"elementor-element elementor-element-522fd39 e-flex e-con-boxed wpr-particle-no wpr-jarallax-no wpr-parallax-no wpr-sticky-section-no e-con e-parent\" data-id=\"522fd39\" data-element_type=\"container\" data-core-v316-plus=\"true\">\n\t\t\t\t\t<div class=\"e-con-inner\">\n\t\t\t\t<div class=\"elementor-element elementor-element-a2ac029 elementor-widget elementor-widget-heading\" data-id=\"a2ac029\" data-element_type=\"widget\" data-widget_type=\"heading.default\">\n\t\t\t\t<div class=\"elementor-widget-container\">\n\t\t\t<style>\/*! elementor - v3.20.0 - 26-03-2024 *\/\n.elementor-heading-title{padding:0;margin:0;line-height:1}.elementor-widget-heading .elementor-heading-title[class*=elementor-size-]>a{color:inherit;font-size:inherit;line-height:inherit}.elementor-widget-heading .elementor-heading-title.elementor-size-small{font-size:15px}.elementor-widget-heading .elementor-heading-title.elementor-size-medium{font-size:19px}.elementor-widget-heading .elementor-heading-title.elementor-size-large{font-size:29px}.elementor-widget-heading .elementor-heading-title.elementor-size-xl{font-size:39px}.elementor-widget-heading .elementor-heading-title.elementor-size-xxl{font-size:59px}<\/style><h2 class=\"elementor-heading-title elementor-size-default\">Ch\u00ednh s\u00e1ch b\u1ea3o m\u1eadt<\/h2>\t\t<\/div>\n\t\t\t\t<\/div>\n\t\t\t\t<div class=\"elementor-element elementor-element-39f8af9 elementor-widget-divider--view-line elementor-widget elementor-widget-divider\" data-id=\"39f8af9\" data-element_type=\"widget\" data-widget_type=\"divider.default\">\n\t\t\t\t<div class=\"elementor-widget-container\">\n\t\t\t<style>\/*! elementor - v3.20.0 - 26-03-2024 *\/\n.elementor-widget-divider{--divider-border-style:none;--divider-border-width:1px;--divider-color:#0c0d0e;--divider-icon-size:20px;--divider-element-spacing:10px;--divider-pattern-height:24px;--divider-pattern-size:20px;--divider-pattern-url:none;--divider-pattern-repeat:repeat-x}.elementor-widget-divider .elementor-divider{display:flex}.elementor-widget-divider .elementor-divider__text{font-size:15px;line-height:1;max-width:95%}.elementor-widget-divider .elementor-divider__element{margin:0 var(--divider-element-spacing);flex-shrink:0}.elementor-widget-divider .elementor-icon{font-size:var(--divider-icon-size)}.elementor-widget-divider .elementor-divider-separator{display:flex;margin:0;direction:ltr}.elementor-widget-divider--view-line_icon .elementor-divider-separator,.elementor-widget-divider--view-line_text .elementor-divider-separator{align-items:center}.elementor-widget-divider--view-line_icon .elementor-divider-separator:after,.elementor-widget-divider--view-line_icon .elementor-divider-separator:before,.elementor-widget-divider--view-line_text .elementor-divider-separator:after,.elementor-widget-divider--view-line_text .elementor-divider-separator:before{display:block;content:\"\";border-block-end:0;flex-grow:1;border-block-start:var(--divider-border-width) var(--divider-border-style) var(--divider-color)}.elementor-widget-divider--element-align-left .elementor-divider .elementor-divider-separator>.elementor-divider__svg:first-of-type{flex-grow:0;flex-shrink:100}.elementor-widget-divider--element-align-left .elementor-divider-separator:before{content:none}.elementor-widget-divider--element-align-left .elementor-divider__element{margin-left:0}.elementor-widget-divider--element-align-right .elementor-divider .elementor-divider-separator>.elementor-divider__svg:last-of-type{flex-grow:0;flex-shrink:100}.elementor-widget-divider--element-align-right .elementor-divider-separator:after{content:none}.elementor-widget-divider--element-align-right .elementor-divider__element{margin-right:0}.elementor-widget-divider--element-align-start .elementor-divider .elementor-divider-separator>.elementor-divider__svg:first-of-type{flex-grow:0;flex-shrink:100}.elementor-widget-divider--element-align-start .elementor-divider-separator:before{content:none}.elementor-widget-divider--element-align-start .elementor-divider__element{margin-inline-start:0}.elementor-widget-divider--element-align-end .elementor-divider .elementor-divider-separator>.elementor-divider__svg:last-of-type{flex-grow:0;flex-shrink:100}.elementor-widget-divider--element-align-end .elementor-divider-separator:after{content:none}.elementor-widget-divider--element-align-end .elementor-divider__element{margin-inline-end:0}.elementor-widget-divider:not(.elementor-widget-divider--view-line_text):not(.elementor-widget-divider--view-line_icon) .elementor-divider-separator{border-block-start:var(--divider-border-width) var(--divider-border-style) var(--divider-color)}.elementor-widget-divider--separator-type-pattern{--divider-border-style:none}.elementor-widget-divider--separator-type-pattern.elementor-widget-divider--view-line .elementor-divider-separator,.elementor-widget-divider--separator-type-pattern:not(.elementor-widget-divider--view-line) .elementor-divider-separator:after,.elementor-widget-divider--separator-type-pattern:not(.elementor-widget-divider--view-line) .elementor-divider-separator:before,.elementor-widget-divider--separator-type-pattern:not([class*=elementor-widget-divider--view]) .elementor-divider-separator{width:100%;min-height:var(--divider-pattern-height);-webkit-mask-size:var(--divider-pattern-size) 100%;mask-size:var(--divider-pattern-size) 100%;-webkit-mask-repeat:var(--divider-pattern-repeat);mask-repeat:var(--divider-pattern-repeat);background-color:var(--divider-color);-webkit-mask-image:var(--divider-pattern-url);mask-image:var(--divider-pattern-url)}.elementor-widget-divider--no-spacing{--divider-pattern-size:auto}.elementor-widget-divider--bg-round{--divider-pattern-repeat:round}.rtl .elementor-widget-divider .elementor-divider__text{direction:rtl}.e-con-inner>.elementor-widget-divider,.e-con>.elementor-widget-divider{width:var(--container-widget-width,100%);--flex-grow:var(--container-widget-flex-grow)}<\/style>\t\t<div class=\"elementor-divider\">\n\t\t\t<span class=\"elementor-divider-separator\">\n\t\t\t\t\t\t<\/span>\n\t\t<\/div>\n\t\t\t\t<\/div>\n\t\t\t\t<\/div>\n\t\t\t\t<div class=\"elementor-element elementor-element-c0dc42e elementor-widget elementor-widget-text-editor\" data-id=\"c0dc42e\" data-element_type=\"widget\" data-widget_type=\"text-editor.default\">\n\t\t\t\t<div class=\"elementor-widget-container\">\n\t\t\t<style>\/*! elementor - v3.20.0 - 26-03-2024 *\/\n.elementor-widget-text-editor.elementor-drop-cap-view-stacked .elementor-drop-cap{background-color:#69727d;color:#fff}.elementor-widget-text-editor.elementor-drop-cap-view-framed .elementor-drop-cap{color:#69727d;border:3px solid;background-color:transparent}.elementor-widget-text-editor:not(.elementor-drop-cap-view-default) .elementor-drop-cap{margin-top:8px}.elementor-widget-text-editor:not(.elementor-drop-cap-view-default) .elementor-drop-cap-letter{width:1em;height:1em}.elementor-widget-text-editor .elementor-drop-cap{float:left;text-align:center;line-height:1;font-size:50px}.elementor-widget-text-editor .elementor-drop-cap-letter{display:inline-block}<\/style>\t\t\t\t<p class=\" translation-block\"><strong>a) M\u1ee5c \u0111\u00edch thu nh\u1eadp th\u00f4ng tin c\u00e1 nh\u00e2n<\/strong><br>Th\u00f4ng tin c\u00e1 nh\u00e2n thu nh\u1eadp qua website ch\u00fang t\u00f4i gi\u00fap:<\/p><ul><li>H\u1ed7 tr\u1ee3 kh\u00e1ch h\u00e0ng khi \u0111\u0103ng k\u00fd v\u00e0 s\u1eed d\u1ee5ng trang web.<\/li><li>Cung c\u1ea5p d\u1ecbch v\u1ee5 theo y\u00eau c\u1ea7u qua email.<\/li><li>Gi\u1ea3i \u0111\u00e1p th\u1eafc m\u1eafc kh\u00e1ch h\u00e0ng.<\/li><li>N\u00e2ng c\u1ea5p ch\u1ea5t l\u01b0\u1ee3ng d\u1ecbch v\u1ee5 qua kh\u1ea3o s\u00e1t.<\/li><li>\u0110\u1ea3m b\u1ea3o an to\u00e0n th\u00f4ng tin v\u00e0 h\u1ed7 tr\u1ee3 giao d\u1ecbch tr\u1ef1c tuy\u1ebfn.<\/li><li>Qu\u1ea3ng b\u00e1 s\u1ea3n ph\u1ea9m v\u00e0 d\u1ecbch v\u1ee5 c\u1ee7a ch\u00fang t\u00f4i.<\/li><\/ul><p class=\" translation-block\"><strong>b) Ph\u1ea1m vi s\u1eed d\u1ee5ng th\u00f4ng tin<\/strong><br>Ch\u00fang t\u00f4i kh\u00f4ng chia s\u1ebb th\u00f4ng tin c\u00e1 nh\u00e2n ngo\u1ea1i tr\u1eeb trong c\u00e1c tr\u01b0\u1eddng h\u1ee3p c\u1ef1c k\u1ef3 c\u1ea7n thi\u1ebft ho\u1eb7c theo y\u00eau c\u1ea7u c\u1ee7a c\u01a1 quan nh\u00e0 n\u01b0\u1edbc c\u00f3 th\u1ea9m quy\u1ec1n.<\/p><p class=\" translation-block\"><strong>c) Th\u1eddi gian l\u01b0u tr\u1eef th\u00f4ng tin<\/strong><br>Th\u00f4ng tin c\u00e1 nh\u00e2n \u0111\u01b0\u1ee3c l\u01b0u tr\u1eef cho \u0111\u1ebfn khi c\u00f3 y\u00eau c\u1ea7u t\u1eeb kh\u00e1ch h\u00e0ng v\u1ec1 vi\u1ec7c h\u1ee7y b\u1ecf. Ch\u00fang t\u00f4i \u00e1p d\u1ee5ng bi\u1ec7n ph\u00e1p b\u1ea3o m\u1eadt cao \u0111\u1ec3 b\u1ea3o v\u1ec7 th\u00f4ng tin, nh\u01b0ng c\u0169ng nh\u1ea5n m\u1ea1nh kh\u00f4ng c\u00f3 ph\u01b0\u01a1ng ph\u00e1p truy\u1ec1n d\u1eef li\u1ec7u qua internet n\u00e0o l\u00e0 an to\u00e0n tuy\u1ec7t \u0111\u1ed1i.<\/p><p class=\" translation-block\"><strong>d) Nh\u1eefng ng\u01b0\u1eddi ho\u1eb7c t\u1ed5 ch\u1ee9c c\u00f3 th\u1ec3 \u0111\u01b0\u1ee3c ti\u1ebfp c\u1eadn v\u1edbi th\u00f4ng tin \u0111\u00f3<\/strong><br>Ch\u00fang t\u00f4i kh\u00f4ng chia s\u1ebb th\u00f4ng tin c\u00e1 nh\u00e2n ngo\u1ea1i tr\u1eeb trong c\u00e1c tr\u01b0\u1eddng h\u1ee3p c\u1ef1c k\u1ef3 c\u1ea7n thi\u1ebft ho\u1eb7c theo y\u00eau c\u1ea7u c\u1ee7a c\u01a1 quan nh\u00e0 n\u01b0\u1edbc c\u00f3 th\u1ea9m quy\u1ec1n.<\/p><p class=\" translation-block\"><strong>e) \u0110\u1ecba ch\u1ec9 c\u1ee7a \u0110\u01a1n v\u1ecb Thu th\u1eadp v\u00e0 Qu\u1ea3n l\u00fd Th\u00f4ng tin<\/strong><br>N\u1ebfu c\u00f3 b\u1ea5t k\u1ef3 th\u1eafc m\u1eafc n\u00e0o li\u00ean quan \u0111\u1ebfn Ch\u00ednh s\u00e1ch quy\u1ec1n ri\u00eang t\u01b0 n\u00e0y, vui l\u00f2ng li\u00ean h\u1ec7 v\u1edbi ch\u00fang t\u00f4i theo \u0111\u1ecba ch\u1ec9:<\/p><ul><li class=\" translation-block\"><strong>\u0110\u1ecba ch\u1ec9:<\/strong> T\u1ea7ng 48-60, Keangnam Hanoi Landmark Tower, L\u00f4 E6, \u0110\u01b0\u1eddng Ph\u1ea1m H\u00f9ng, Qu\u1eadn Nam T\u1eeb Li\u00eam, H\u00e0 N\u1ed9i, Vi\u1ec7t Nam<\/li><li><strong>S\u1ed1 \u0111i\u1ec7n tho\u1ea1i:<\/strong> (84) 24 3772 3801~03<\/li><li><strong>E-mail:<\/strong> calidas@aonvina.com<\/li><\/ul><p class=\" translation-block\"><strong>f) Ph\u01b0\u01a1ng th\u1ee9c v\u00e0 c\u00f4ng c\u1ee5 \u0111\u1ec3 ng\u01b0\u1eddi ti\u00eau d\u00f9ng ti\u1ebfp c\u1eadn v\u00e0 ch\u1ec9nh s\u1eeda d\u1eef li\u1ec7u c\u00e1 nh\u00e2n c\u1ee7a minh tr\u00ean h\u1ec7 th\u1ed1ng th\u01b0\u01a1ng m\u1ea1i \u0111i\u1ec7n t\u1eed c\u1ee7a \u0111\u01a1n v\u1ecb thu th\u1eadp th\u00f4ng tin<\/strong><br>Kh\u00e1ch h\u00e0ng c\u00f3 quy\u1ec1n y\u00eau c\u1ea7u ki\u1ec3m tra, c\u1eadp nh\u1eadt, ch\u1ec9nh s\u1eeda, ho\u1eb7c h\u1ee7y b\u1ecf th\u00f4ng tin c\u00e1 nh\u00e2n c\u1ee7a m\u00ecnh. Khi ti\u1ebfp nh\u1eadn c\u00e1c ph\u1ea3n h\u1ed3i, ch\u00fang t\u00f4i s\u1ebd x\u00e1c nh\u1eadn l\u1ea1i th\u00f4ng tin, c\u00f3 tr\u00e1ch nhi\u1ec7m tr\u1ea3 l\u1eddi v\u00e0 h\u01b0\u1edbng d\u1eabn kh\u00e1ch h\u00e0ng kh\u00f4i ph\u1ee5c v\u00e0 b\u1ea3o m\u1eadt l\u1ea1i th\u00f4ng tin.<\/p><p><strong>C\u00e1c h\u00ecnh th\u1ee9c ti\u1ebfp nh\u1eadn y\u00eau c\u1ea7u:<\/strong><\/p><ul><li class=\" translation-block\">Qua email: <strong>calidas@aonvina.com<\/strong><\/li><li>Qua \u0111i\u1ec7n tho\u1ea1i: <strong>(84) 24 6282 3000<\/strong><\/li><\/ul>\t\t\t\t\t\t<\/div>\n\t\t\t\t<\/div>\n\t\t\t\t\t<\/div>\n\t\t\t\t<\/div>\n\t\t\t\t<\/div>","protected":false},"excerpt":{"rendered":"<p>privacy policy a) Purpose of Collecting Personal InformationPersonal information collected through our website is used to: Support customers when registering and using the website. Provide requested services via email. Address customer inquiries. Enhance service quality through surveys. Ensure information security and facilitate online transactions. Promote our products and services. b) Scope of Information UsageWe do [&hellip;]<\/p>","protected":false},"author":19,"featured_media":0,"parent":0,"menu_order":3,"comment_status":"closed","ping_status":"closed","template":"template-blank.php","meta":{"_acf_changed":false,"footnotes":""},"class_list":["post-16642","page","type-page","status-publish","has-post-thumbnail","hentry"],"acf":[],"yoast_head":"<!-- This site is optimized with the Yoast SEO plugin v22.4 - https:\/\/yoast.com\/wordpress\/plugins\/seo\/ -->\n<title>Privacy Policy - Calidas<\/title>\n<meta name=\"robots\" content=\"index, follow, max-snippet:-1, max-image-preview:large, max-video-preview:-1\" \/>\n<link rel=\"canonical\" href=\"https:\/\/calidas.com\/vi\/privacy-policy\/\" \/>\n<meta property=\"og:locale\" content=\"vi_VN\" \/>\n<meta property=\"og:type\" content=\"article\" \/>\n<meta property=\"og:title\" content=\"Privacy Policy - Calidas\" \/>\n<meta property=\"og:description\" content=\"privacy policy a) Purpose of Collecting Personal InformationPersonal information collected through our website is used to: Support customers when registering and using the website. Provide requested services via email. Address customer inquiries. Enhance service quality through surveys. Ensure information security and facilitate online transactions. Promote our products and services. b) Scope of Information UsageWe do [&hellip;]\" \/>\n<meta property=\"og:url\" content=\"https:\/\/calidas.com\/vi\/privacy-policy\/\" \/>\n<meta property=\"og:site_name\" content=\"Calidas\" \/>\n<meta property=\"article:modified_time\" content=\"2024-12-18T06:49:49+00:00\" \/>\n<meta name=\"twitter:card\" content=\"summary_large_image\" \/>\n<meta name=\"twitter:label1\" content=\"\u01af\u1edbc t\u00ednh th\u1eddi gian \u0111\u1ecdc\" \/>\n\t<meta name=\"twitter:data1\" content=\"2 ph\u00fat\" \/>\n<script type=\"application\/ld+json\" class=\"yoast-schema-graph\">{\"@context\":\"https:\/\/schema.org\",\"@graph\":[{\"@type\":\"WebPage\",\"@id\":\"https:\/\/calidas.com\/vi\/privacy-policy\/\",\"url\":\"https:\/\/calidas.com\/vi\/privacy-policy\/\",\"name\":\"Privacy Policy - Calidas\",\"isPartOf\":{\"@id\":\"https:\/\/calidas.com\/vi\/#website\"},\"datePublished\":\"2024-04-15T01:49:39+00:00\",\"dateModified\":\"2024-12-18T06:49:49+00:00\",\"breadcrumb\":{\"@id\":\"https:\/\/calidas.com\/vi\/privacy-policy\/#breadcrumb\"},\"inLanguage\":\"vi\",\"potentialAction\":[{\"@type\":\"ReadAction\",\"target\":[\"https:\/\/calidas.com\/vi\/privacy-policy\/\"]}]},{\"@type\":\"BreadcrumbList\",\"@id\":\"https:\/\/calidas.com\/vi\/privacy-policy\/#breadcrumb\",\"itemListElement\":[{\"@type\":\"ListItem\",\"position\":1,\"name\":\"Home\",\"item\":\"https:\/\/calidas.com\/\"},{\"@type\":\"ListItem\",\"position\":2,\"name\":\"Privacy Policy\"}]},{\"@type\":\"WebSite\",\"@id\":\"https:\/\/calidas.com\/vi\/#website\",\"url\":\"https:\/\/calidas.com\/vi\/\",\"name\":\"Calidas\",\"description\":\"Booking Hotel\",\"potentialAction\":[{\"@type\":\"SearchAction\",\"target\":{\"@type\":\"EntryPoint\",\"urlTemplate\":\"https:\/\/calidas.com\/vi\/?s={search_term_string}\"},\"query-input\":\"required name=search_term_string\"}],\"inLanguage\":\"vi\"}]}<\/script>\n<!-- \/ Yoast SEO plugin. -->","yoast_head_json":{"title":"Privacy Policy - Calidas","robots":{"index":"index","follow":"follow","max-snippet":"max-snippet:-1","max-image-preview":"max-image-preview:large","max-video-preview":"max-video-preview:-1"},"canonical":"https:\/\/calidas.com\/vi\/privacy-policy\/","og_locale":"vi_VN","og_type":"article","og_title":"Privacy Policy - Calidas","og_description":"privacy policy a) Purpose of Collecting Personal InformationPersonal information collected through our website is used to: Support customers when registering and using the website. Provide requested services via email. Address customer inquiries. Enhance service quality through surveys. Ensure information security and facilitate online transactions. Promote our products and services. b) Scope of Information UsageWe do [&hellip;]","og_url":"https:\/\/calidas.com\/vi\/privacy-policy\/","og_site_name":"Calidas","article_modified_time":"2024-12-18T06:49:49+00:00","twitter_card":"summary_large_image","twitter_misc":{"\u01af\u1edbc t\u00ednh th\u1eddi gian \u0111\u1ecdc":"2 ph\u00fat"},"schema":{"@context":"https:\/\/schema.org","@graph":[{"@type":"WebPage","@id":"https:\/\/calidas.com\/vi\/privacy-policy\/","url":"https:\/\/calidas.com\/vi\/privacy-policy\/","name":"Privacy Policy - Calidas","isPartOf":{"@id":"https:\/\/calidas.com\/vi\/#website"},"datePublished":"2024-04-15T01:49:39+00:00","dateModified":"2024-12-18T06:49:49+00:00","breadcrumb":{"@id":"https:\/\/calidas.com\/vi\/privacy-policy\/#breadcrumb"},"inLanguage":"vi","potentialAction":[{"@type":"ReadAction","target":["https:\/\/calidas.com\/vi\/privacy-policy\/"]}]},{"@type":"BreadcrumbList","@id":"https:\/\/calidas.com\/vi\/privacy-policy\/#breadcrumb","itemListElement":[{"@type":"ListItem","position":1,"name":"Home","item":"https:\/\/calidas.com\/"},{"@type":"ListItem","position":2,"name":"Privacy Policy"}]},{"@type":"WebSite","@id":"https:\/\/calidas.com\/vi\/#website","url":"https:\/\/calidas.com\/vi\/","name":"Calidas","description":"Booking Hotel","potentialAction":[{"@type":"SearchAction","target":{"@type":"EntryPoint","urlTemplate":"https:\/\/calidas.com\/vi\/?s={search_term_string}"},"query-input":"required name=search_term_string"}],"inLanguage":"vi"}]}},"_links":{"self":[{"href":"https:\/\/calidas.com\/vi\/wp-json\/wp\/v2\/pages\/16642","targetHints":{"allow":["GET"]}}],"collection":[{"href":"https:\/\/calidas.com\/vi\/wp-json\/wp\/v2\/pages"}],"about":[{"href":"https:\/\/calidas.com\/vi\/wp-json\/wp\/v2\/types\/page"}],"author":[{"embeddable":true,"href":"https:\/\/calidas.com\/vi\/wp-json\/wp\/v2\/users\/19"}],"replies":[{"embeddable":true,"href":"https:\/\/calidas.com\/vi\/wp-json\/wp\/v2\/comments?post=16642"}],"version-history":[{"count":6,"href":"https:\/\/calidas.com\/vi\/wp-json\/wp\/v2\/pages\/16642\/revisions"}],"predecessor-version":[{"id":18535,"href":"https:\/\/calidas.com\/vi\/wp-json\/wp\/v2\/pages\/16642\/revisions\/18535"}],"wp:attachment":[{"href":"https:\/\/calidas.com\/vi\/wp-json\/wp\/v2\/media?parent=16642"}],"curies":[{"name":"wp","href":"https:\/\/api.w.org\/{rel}","templated":true}]}}